{"id":39,"date":"2016-10-28T18:47:53","date_gmt":"2016-10-28T09:47:53","guid":{"rendered":"http:\/\/www.gifu-shinoda.co.jp\/vi\/?page_id=39"},"modified":"2016-10-28T18:47:53","modified_gmt":"2016-10-28T09:47:53","slug":"snow","status":"publish","type":"page","link":"https:\/\/www.gifu-shinoda.co.jp\/vi\/commodity\/snow\/","title":{"rendered":"X\u00e2y d\u1ef1ng c\u00e1c c\u00f4ng tr\u00ecnh ch\u1ed1ng l\u1ea1nh, tuy\u1ebft"},"content":{"rendered":"","protected":false},"excerpt":{"rendered":"","protected":false},"author":2,"featured_media":0,"parent":29,"menu_order":4,"comment_status":"closed","ping_status":"closed","template":"","meta":[],"acf":[],"yoast_head":"<!-- This site is optimized with the Yoast SEO plugin v19.13 - https:\/\/yoast.com\/wordpress\/plugins\/seo\/ -->\n<title>X\u00e2y d\u1ef1ng c\u00e1c c\u00f4ng tr\u00ecnh ch\u1ed1ng l\u1ea1nh, tuy\u1ebft - C\u00f4ng ty Shinoda<\/title>\n<meta name=\"robots\" content=\"index, follow, max-snippet:-1, max-image-preview:large, max-video-preview:-1\" \/>\n<link rel=\"canonical\" href=\"http:\/\/www.gifu-shinoda.co.jp\/vi\/commodity\/snow\/\" \/>\n<meta property=\"og:locale\" content=\"ja_JP\" \/>\n<meta property=\"og:type\" content=\"article\" \/>\n<meta property=\"og:title\" content=\"X\u00e2y d\u1ef1ng c\u00e1c c\u00f4ng tr\u00ecnh ch\u1ed1ng l\u1ea1nh, tuy\u1ebft - C\u00f4ng ty Shinoda\" \/>\n<meta property=\"og:url\" content=\"http:\/\/www.gifu-shinoda.co.jp\/vi\/commodity\/snow\/\" \/>\n<meta property=\"og:site_name\" content=\"C\u00f4ng ty Shinoda\" \/>\n<meta name=\"twitter:card\" content=\"summary_large_image\" \/>\n<script type=\"application\/ld+json\" class=\"yoast-schema-graph\">{\"@context\":\"https:\/\/schema.org\",\"@graph\":[{\"@type\":\"WebPage\",\"@id\":\"http:\/\/www.gifu-shinoda.co.jp\/vi\/commodity\/snow\/\",\"url\":\"http:\/\/www.gifu-shinoda.co.jp\/vi\/commodity\/snow\/\",\"name\":\"X\u00e2y d\u1ef1ng c\u00e1c c\u00f4ng tr\u00ecnh ch\u1ed1ng l\u1ea1nh, tuy\u1ebft - C\u00f4ng ty Shinoda\",\"isPartOf\":{\"@id\":\"https:\/\/www.gifu-shinoda.co.jp\/vi\/#website\"},\"datePublished\":\"2016-10-28T09:47:53+00:00\",\"dateModified\":\"2016-10-28T09:47:53+00:00\",\"breadcrumb\":{\"@id\":\"http:\/\/www.gifu-shinoda.co.jp\/vi\/commodity\/snow\/#breadcrumb\"},\"inLanguage\":\"ja\",\"potentialAction\":[{\"@type\":\"ReadAction\",\"target\":[\"http:\/\/www.gifu-shinoda.co.jp\/vi\/commodity\/snow\/\"]}]},{\"@type\":\"BreadcrumbList\",\"@id\":\"http:\/\/www.gifu-shinoda.co.jp\/vi\/commodity\/snow\/#breadcrumb\",\"itemListElement\":[{\"@type\":\"ListItem\",\"position\":1,\"name\":\"X\u00e2y d\u1ef1ng d\u00e2n d\u1ee5ng\",\"item\":\"http:\/\/www.gifu-shinoda.co.jp\/vi\/commodity\/\"},{\"@type\":\"ListItem\",\"position\":2,\"name\":\"X\u00e2y d\u1ef1ng c\u00e1c c\u00f4ng tr\u00ecnh ch\u1ed1ng l\u1ea1nh, tuy\u1ebft\"}]},{\"@type\":\"WebSite\",\"@id\":\"https:\/\/www.gifu-shinoda.co.jp\/vi\/#website\",\"url\":\"https:\/\/www.gifu-shinoda.co.jp\/vi\/\",\"name\":\"C\u00f4ng ty Shinoda\",\"description\":\"Just another \u7be0\u7530\u682a\u5f0f\u4f1a\u793e \u306e\u30b5\u30a4\u30c8 site\",\"potentialAction\":[{\"@type\":\"SearchAction\",\"target\":{\"@type\":\"EntryPoint\",\"urlTemplate\":\"https:\/\/www.gifu-shinoda.co.jp\/vi\/?s={search_term_string}\"},\"query-input\":\"required name=search_term_string\"}],\"inLanguage\":\"ja\"}]}<\/script>\n<!-- \/ Yoast SEO plugin. -->","yoast_head_json":{"title":"X\u00e2y d\u1ef1ng c\u00e1c c\u00f4ng tr\u00ecnh ch\u1ed1ng l\u1ea1nh, tuy\u1ebft - C\u00f4ng ty Shinoda","robots":{"index":"index","follow":"follow","max-snippet":"max-snippet:-1","max-image-preview":"max-image-preview:large","max-video-preview":"max-video-preview:-1"},"canonical":"http:\/\/www.gifu-shinoda.co.jp\/vi\/commodity\/snow\/","og_locale":"ja_JP","og_type":"article","og_title":"X\u00e2y d\u1ef1ng c\u00e1c c\u00f4ng tr\u00ecnh ch\u1ed1ng l\u1ea1nh, tuy\u1ebft - C\u00f4ng ty Shinoda","og_url":"http:\/\/www.gifu-shinoda.co.jp\/vi\/commodity\/snow\/","og_site_name":"C\u00f4ng ty Shinoda","twitter_card":"summary_large_image","schema":{"@context":"https:\/\/schema.org","@graph":[{"@type":"WebPage","@id":"http:\/\/www.gifu-shinoda.co.jp\/vi\/commodity\/snow\/","url":"http:\/\/www.gifu-shinoda.co.jp\/vi\/commodity\/snow\/","name":"X\u00e2y d\u1ef1ng c\u00e1c c\u00f4ng tr\u00ecnh ch\u1ed1ng l\u1ea1nh, tuy\u1ebft - C\u00f4ng ty Shinoda","isPartOf":{"@id":"https:\/\/www.gifu-shinoda.co.jp\/vi\/#website"},"datePublished":"2016-10-28T09:47:53+00:00","dateModified":"2016-10-28T09:47:53+00:00","breadcrumb":{"@id":"http:\/\/www.gifu-shinoda.co.jp\/vi\/commodity\/snow\/#breadcrumb"},"inLanguage":"ja","potentialAction":[{"@type":"ReadAction","target":["http:\/\/www.gifu-shinoda.co.jp\/vi\/commodity\/snow\/"]}]},{"@type":"BreadcrumbList","@id":"http:\/\/www.gifu-shinoda.co.jp\/vi\/commodity\/snow\/#breadcrumb","itemListElement":[{"@type":"ListItem","position":1,"name":"X\u00e2y d\u1ef1ng d\u00e2n d\u1ee5ng","item":"http:\/\/www.gifu-shinoda.co.jp\/vi\/commodity\/"},{"@type":"ListItem","position":2,"name":"X\u00e2y d\u1ef1ng c\u00e1c c\u00f4ng tr\u00ecnh ch\u1ed1ng l\u1ea1nh, tuy\u1ebft"}]},{"@type":"WebSite","@id":"https:\/\/www.gifu-shinoda.co.jp\/vi\/#website","url":"https:\/\/www.gifu-shinoda.co.jp\/vi\/","name":"C\u00f4ng ty Shinoda","description":"Just another \u7be0\u7530\u682a\u5f0f\u4f1a\u793e \u306e\u30b5\u30a4\u30c8 site","potentialAction":[{"@type":"SearchAction","target":{"@type":"EntryPoint","urlTemplate":"https:\/\/www.gifu-shinoda.co.jp\/vi\/?s={search_term_string}"},"query-input":"required name=search_term_string"}],"inLanguage":"ja"}]}},"_links":{"self":[{"href":"https:\/\/www.gifu-shinoda.co.jp\/vi\/wp-json\/wp\/v2\/pages\/39"}],"collection":[{"href":"https:\/\/www.gifu-shinoda.co.jp\/vi\/wp-json\/wp\/v2\/pages"}],"about":[{"href":"https:\/\/www.gifu-shinoda.co.jp\/vi\/wp-json\/wp\/v2\/types\/page"}],"author":[{"embeddable":true,"href":"https:\/\/www.gifu-shinoda.co.jp\/vi\/wp-json\/wp\/v2\/users\/2"}],"replies":[{"embeddable":true,"href":"https:\/\/www.gifu-shinoda.co.jp\/vi\/wp-json\/wp\/v2\/comments?post=39"}],"version-history":[{"count":1,"href":"https:\/\/www.gifu-shinoda.co.jp\/vi\/wp-json\/wp\/v2\/pages\/39\/revisions"}],"predecessor-version":[{"id":40,"href":"https:\/\/www.gifu-shinoda.co.jp\/vi\/wp-json\/wp\/v2\/pages\/39\/revisions\/40"}],"up":[{"embeddable":true,"href":"https:\/\/www.gifu-shinoda.co.jp\/vi\/wp-json\/wp\/v2\/pages\/29"}],"wp:attachment":[{"href":"https:\/\/www.gifu-shinoda.co.jp\/vi\/wp-json\/wp\/v2\/media?parent=39"}],"curies":[{"name":"wp","href":"https:\/\/api.w.org\/{rel}","templated":true}]}}